{"id":1351,"date":"2018-10-04T11:49:36","date_gmt":"2018-10-04T09:49:36","guid":{"rendered":"https:\/\/www.espaicanpages.com\/?page_id=1351"},"modified":"2022-05-30T17:21:48","modified_gmt":"2022-05-30T15:21:48","slug":"contacte","status":"publish","type":"page","link":"https:\/\/www.espaicanpages.com\/ca\/contacte\/","title":{"rendered":"Contacte"},"content":{"rendered":"<p>[et_pb_section fb_built=&#8221;1&#8243; module_class=&#8221;inici-header&#8221; _builder_version=&#8221;4.16&#8243; global_colors_info=&#8221;{}&#8221;][et_pb_row module_class=&#8221;inici-header&#8221; _builder_version=&#8221;4.16&#8243; global_colors_info=&#8221;{}&#8221;][et_pb_column type=&#8221;4_4&#8243; _builder_version=&#8221;4.16&#8243; custom_padding=&#8221;|||&#8221; global_colors_info=&#8221;{}&#8221; custom_padding__hover=&#8221;|||&#8221;][et_pb_text module_class=&#8221;inici-header-text&#8221; _builder_version=&#8221;4.16&#8243; text_font=&#8221;|||on|||||&#8221; text_font_size=&#8221;42px&#8221; text_orientation=&#8221;center&#8221; global_colors_info=&#8221;{}&#8221;]Ser diferents ens fa \u00fanics<br \/>\n[\/et_pb_text][\/et_pb_column][\/et_pb_row][\/et_pb_section][et_pb_section fb_built=&#8221;1&#8243; fullwidth=&#8221;on&#8221; _builder_version=&#8221;4.16&#8243; global_colors_info=&#8221;{}&#8221;][et_pb_fullwidth_image src=&#8221;\/\/i2.wp.com\/espaicanpages.com\/wp-content\/uploads\/2018\/10\/Contacte_CAT.jpg&#8221; module_class=&#8221;page-header-img&#8221; _builder_version=&#8221;4.16&#8243; global_colors_info=&#8221;{}&#8221;][\/et_pb_fullwidth_image][\/et_pb_section][et_pb_section fb_built=&#8221;1&#8243; _builder_version=&#8221;4.16&#8243; global_colors_info=&#8221;{}&#8221;][et_pb_row column_structure=&#8221;1_2,1_2&#8243; disabled_on=&#8221;on|on|off&#8221; module_class=&#8221;contact-section&#8221; _builder_version=&#8221;4.16&#8243; global_colors_info=&#8221;{}&#8221;][et_pb_column type=&#8221;1_2&#8243; _builder_version=&#8221;4.16&#8243; custom_padding=&#8221;|||&#8221; global_colors_info=&#8221;{}&#8221; custom_padding__hover=&#8221;|||&#8221;][et_pb_text _builder_version=&#8221;4.16&#8243; header_2_font=&#8221;|||on|||||&#8221; header_2_text_align=&#8221;left&#8221; header_2_font_size=&#8221;28px&#8221; global_colors_info=&#8221;{}&#8221;]<\/p>\n<p>&nbsp;<\/p>\n<h2>Envia&#8217;ns un missatge i ens posarem en contacte<\/h2>\n<p>&nbsp;<\/p>\n<p>[\/et_pb_text][et_pb_contact_form use_spam_service=&#8221;on&#8221; recaptcha_list=&#8221;espaicanpages|espaicanpages-0&#8243; email=&#8221;info@espaicanpages.com&#8221; custom_message=&#8221;Nom: %%Name%%||et_pb_line_break_holder||Email: %%Email%%||et_pb_line_break_holder||Tel.: %%Telefono%%||et_pb_line_break_holder||Miss.: %%Message%%&#8221; success_message=&#8221;Missatge enviat!&#8221; submit_button_text=&#8221;Enviar&#8221; _builder_version=&#8221;4.17.4&#8243; _unique_id=&#8221;c33a22cc-132e-4cc4-a6c5-7b1215be1d81&#8243; form_field_background_color=&#8221;rgba(0,0,0,0)&#8221; form_field_text_align=&#8221;left&#8221; form_field_line_height=&#8221;1.2em&#8221; custom_button=&#8221;on&#8221; button_text_size=&#8221;14&#8243; button_text_color=&#8221;#161616&#8243; button_border_color=&#8221;#161616&#8243; button_border_radius=&#8221;0&#8243; button_font=&#8221;|||on|||||&#8221; button_use_icon=&#8221;off&#8221; hover_enabled=&#8221;0&#8243; border_width_all=&#8221;2px&#8221; form_background_color=&#8221;rgba(0,0,0,0)&#8221; global_colors_info=&#8221;{}&#8221; sticky_enabled=&#8221;0&#8243;][et_pb_contact_field field_id=&#8221;Name&#8221; field_title=&#8221;Nom y cognoms&#8221; fullwidth_field=&#8221;on&#8221; _builder_version=&#8221;4.16&#8243; form_field_font=&#8221;Julius Sans One|||on|||||&#8221; global_colors_info=&#8221;{}&#8221; button_text_size__hover_enabled=&#8221;off&#8221; button_one_text_size__hover_enabled=&#8221;off&#8221; button_two_text_size__hover_enabled=&#8221;off&#8221; button_text_color__hover_enabled=&#8221;off&#8221; button_one_text_color__hover_enabled=&#8221;off&#8221; button_two_text_color__hover_enabled=&#8221;off&#8221; button_border_width__hover_enabled=&#8221;off&#8221; button_one_border_width__hover_enabled=&#8221;off&#8221; button_two_border_width__hover_enabled=&#8221;off&#8221; button_border_color__hover_enabled=&#8221;off&#8221; button_one_border_color__hover_enabled=&#8221;off&#8221; button_two_border_color__hover_enabled=&#8221;off&#8221; button_border_radius__hover_enabled=&#8221;off&#8221; button_one_border_radius__hover_enabled=&#8221;off&#8221; button_two_border_radius__hover_enabled=&#8221;off&#8221; button_letter_spacing__hover_enabled=&#8221;off&#8221; button_one_letter_spacing__hover_enabled=&#8221;off&#8221; button_two_letter_spacing__hover_enabled=&#8221;off&#8221; button_bg_color__hover_enabled=&#8221;off&#8221; button_one_bg_color__hover_enabled=&#8221;off&#8221; button_two_bg_color__hover_enabled=&#8221;off&#8221;][\/et_pb_contact_field][et_pb_contact_field field_id=&#8221;Email&#8221; field_title=&#8221;El teu email&#8221; field_type=&#8221;email&#8221; fullwidth_field=&#8221;on&#8221; _builder_version=&#8221;4.16&#8243; form_field_font=&#8221;Julius Sans One|||on|||||&#8221; global_colors_info=&#8221;{}&#8221; button_text_size__hover_enabled=&#8221;off&#8221; button_one_text_size__hover_enabled=&#8221;off&#8221; button_two_text_size__hover_enabled=&#8221;off&#8221; button_text_color__hover_enabled=&#8221;off&#8221; button_one_text_color__hover_enabled=&#8221;off&#8221; button_two_text_color__hover_enabled=&#8221;off&#8221; button_border_width__hover_enabled=&#8221;off&#8221; button_one_border_width__hover_enabled=&#8221;off&#8221; button_two_border_width__hover_enabled=&#8221;off&#8221; button_border_color__hover_enabled=&#8221;off&#8221; button_one_border_color__hover_enabled=&#8221;off&#8221; button_two_border_color__hover_enabled=&#8221;off&#8221; button_border_radius__hover_enabled=&#8221;off&#8221; button_one_border_radius__hover_enabled=&#8221;off&#8221; button_two_border_radius__hover_enabled=&#8221;off&#8221; button_letter_spacing__hover_enabled=&#8221;off&#8221; button_one_letter_spacing__hover_enabled=&#8221;off&#8221; button_two_letter_spacing__hover_enabled=&#8221;off&#8221; button_bg_color__hover_enabled=&#8221;off&#8221; button_one_bg_color__hover_enabled=&#8221;off&#8221; button_two_bg_color__hover_enabled=&#8221;off&#8221;][\/et_pb_contact_field][et_pb_contact_field field_id=&#8221;Telefono&#8221; field_title=&#8221;Tel\u00e8fon&#8221; fullwidth_field=&#8221;on&#8221; _builder_version=&#8221;4.16&#8243; form_field_font=&#8221;Julius Sans One|||on|||||&#8221; global_colors_info=&#8221;{}&#8221; button_text_size__hover_enabled=&#8221;off&#8221; button_one_text_size__hover_enabled=&#8221;off&#8221; button_two_text_size__hover_enabled=&#8221;off&#8221; button_text_color__hover_enabled=&#8221;off&#8221; button_one_text_color__hover_enabled=&#8221;off&#8221; button_two_text_color__hover_enabled=&#8221;off&#8221; button_border_width__hover_enabled=&#8221;off&#8221; button_one_border_width__hover_enabled=&#8221;off&#8221; button_two_border_width__hover_enabled=&#8221;off&#8221; button_border_color__hover_enabled=&#8221;off&#8221; button_one_border_color__hover_enabled=&#8221;off&#8221; button_two_border_color__hover_enabled=&#8221;off&#8221; button_border_radius__hover_enabled=&#8221;off&#8221; button_one_border_radius__hover_enabled=&#8221;off&#8221; button_two_border_radius__hover_enabled=&#8221;off&#8221; button_letter_spacing__hover_enabled=&#8221;off&#8221; button_one_letter_spacing__hover_enabled=&#8221;off&#8221; button_two_letter_spacing__hover_enabled=&#8221;off&#8221; button_bg_color__hover_enabled=&#8221;off&#8221; button_one_bg_color__hover_enabled=&#8221;off&#8221; button_two_bg_color__hover_enabled=&#8221;off&#8221;][\/et_pb_contact_field][et_pb_contact_field field_id=&#8221;Message&#8221; field_title=&#8221;Missatge&#8221; field_type=&#8221;text&#8221; fullwidth_field=&#8221;on&#8221; _builder_version=&#8221;4.16&#8243; form_field_font=&#8221;Julius Sans One||||||||&#8221; global_colors_info=&#8221;{}&#8221; button_text_size__hover_enabled=&#8221;off&#8221; button_one_text_size__hover_enabled=&#8221;off&#8221; button_two_text_size__hover_enabled=&#8221;off&#8221; button_text_color__hover_enabled=&#8221;off&#8221; button_one_text_color__hover_enabled=&#8221;off&#8221; button_two_text_color__hover_enabled=&#8221;off&#8221; button_border_width__hover_enabled=&#8221;off&#8221; button_one_border_width__hover_enabled=&#8221;off&#8221; button_two_border_width__hover_enabled=&#8221;off&#8221; button_border_color__hover_enabled=&#8221;off&#8221; button_one_border_color__hover_enabled=&#8221;off&#8221; button_two_border_color__hover_enabled=&#8221;off&#8221; button_border_radius__hover_enabled=&#8221;off&#8221; button_one_border_radius__hover_enabled=&#8221;off&#8221; button_two_border_radius__hover_enabled=&#8221;off&#8221; button_letter_spacing__hover_enabled=&#8221;off&#8221; button_one_letter_spacing__hover_enabled=&#8221;off&#8221; button_two_letter_spacing__hover_enabled=&#8221;off&#8221; button_bg_color__hover_enabled=&#8221;off&#8221; button_one_bg_color__hover_enabled=&#8221;off&#8221; button_two_bg_color__hover_enabled=&#8221;off&#8221;][\/et_pb_contact_field][\/et_pb_contact_form][\/et_pb_column][et_pb_column type=&#8221;1_2&#8243; _builder_version=&#8221;4.16&#8243; custom_padding=&#8221;|||&#8221; global_colors_info=&#8221;{}&#8221; custom_padding__hover=&#8221;|||&#8221;][et_pb_text _builder_version=&#8221;4.16&#8243; text_font=&#8221;Julius Sans One|||on|||||&#8221; header_2_font=&#8221;|||on|||||&#8221; header_2_text_align=&#8221;left&#8221; header_2_font_size=&#8221;28px&#8221; global_colors_info=&#8221;{}&#8221;]&nbsp;<\/p>\n<h2>Si vols saber m\u00e9s ens pots seguir a:<\/h2>\n<p>&nbsp;<br \/>\n[\/et_pb_text][et_pb_text module_class=&#8221;contact-networks&#8221; _builder_version=&#8221;4.16&#8243; text_font=&#8221;|||on|||||&#8221; global_colors_info=&#8221;{}&#8221;]&nbsp;<\/p>\n<p style=\"text-align: left;\"><a href=\"https:\/\/www.facebook.com\/espaicanpages\/\" target=\"_blank\" rel=\"noopener noreferrer\"><img decoding=\"async\" style=\"max-width: 16px;\" src=\"https:\/\/www.espaicanpages.com\/wp-content\/uploads\/2018\/09\/Facebook.jpg\" \/><\/a><a href=\"https:\/\/www.facebook.com\/espaicanpages\/\" target=\"_blank\" rel=\"noopener noreferrer\">\u00a0Espai canpages<\/a><\/p>\n<p style=\"text-align: left;\"><a href=\"https:\/\/www.instagram.com\/espaicanpages\/\" target=\"_blank\" rel=\"noopener noreferrer\"><img decoding=\"async\" style=\"max-width: 16px;\" src=\"https:\/\/www.espaicanpages.com\/wp-content\/uploads\/2018\/09\/Instagram.jpg\" \/>\u00a0@espaicanpages<\/a><\/p>\n<p style=\"text-align: left;\"><a href=\"https:\/\/www.youtube.com\/user\/espaicanpages\" target=\"_blank\" rel=\"noopener noreferrer\"><img decoding=\"async\" style=\"max-width: 16px;\" src=\"https:\/\/www.espaicanpages.com\/wp-content\/uploads\/2018\/09\/Youtube.jpg\" \/>\u00a0Espaicanpages<\/a><\/p>\n<p>&nbsp;<\/p>\n<p style=\"text-align: left;\"><i class=\"fab fa-whatsapp\"><\/i>Tamb\u00e9 pots escriure&#8217;ns a trav\u00e9s de whatsapp:<\/p>\n<p style=\"text-align: left;\">Gemma:\u00a0<a href=\"https:\/\/api.whatsapp.com\/send?phone=34629783783\">629 783 783<\/a>\u00a0| Sergi:\u00a0<a href=\"https:\/\/api.whatsapp.com\/send?phone=34607676373\">607 676 373<\/a><\/p>\n<p>&nbsp;<br \/>\n[\/et_pb_text][et_pb_text _builder_version=&#8221;4.16&#8243; text_font_size=&#8221;10px&#8221; text_line_height=&#8221;12px&#8221; text_orientation=&#8221;justified&#8221; custom_padding=&#8221;20px||20px|&#8221; text_line_height_phone=&#8221;0.7em&#8221; border_width_top=&#8221;2px&#8221; border_width_bottom=&#8221;2px&#8221; global_colors_info=&#8221;{}&#8221;]<\/p>\n<p style=\"text-align: left;\">De conformidad con lo establecido en la normativa vigente en Protecci\u00f3n de Datos de Car\u00e1cter Personal, le informamos que sus datos ser\u00e1n incorporados al sistema de tratamiento titularidad de HASTAQUI 456 SI. con CIF B65558009 y domicilio social sito en ANSELM CLAVE.6 08107. MARTORELLES (BARCELONA), con la finalidad de atender sus consultas y remitirlo informaci\u00f3n relacionada que pueda ser de su inter\u00e9s. En cumplimiento con la normativa vigente, HASTAOUI 456 SL informa que los datos ser\u00e1n conservados durante el plazo estrictamente necesario para cumplir con los preceptos mencionados con anterioridad.<\/p>\n<p style=\"text-align: left;\">Mientras no nos comunique lo contrario, entenderemos que sus datos no han sido modificados, que usted se compromete a notificarnos cualquier variaci\u00f3n y que tenemos su consentimiento para utilizarlos para las finalidades mencionadas.<\/p>\n<p style=\"text-align: left;\">HASTAQUI 456 SL informa que proceder\u00e1 a tratar los datos de manera licita, leal, transparente, adecuada, pertinente, limitada, exacta y actualizada. Es por ello que HASTAOUI 456 SL se compromete a adoptar todas las medidas razonables para que estos se supriman o rectifiquen sin dilaci\u00f3n cuando sean inexactos.<\/p>\n<p style=\"text-align: left;\">De acuerdo con los derechos que le confiere la normativa vigente en protecci\u00f3n de datos podr\u00e1 ejercer los derechos de acceso, rectificaci\u00f3n, limitaci\u00f3n de tratamiento, supresi\u00f3n, portabilidad y oposici\u00f3n al tratamiento de sus datos de car\u00e1cter personal as\u00ed como del consentimiento prestado para el tratamiento de los mismos, dirigiendo su petici\u00f3n a la direcci\u00f3n postal indicada m\u00e1s arriba o al correo electr\u00f3nico <a href=\"mailto:LMPRAT@ME.COM\">LMPRAT@ME.COM<\/a>.<\/p>\n<p style=\"text-align: left;\">A su vez. le informamos que puede contactar con el Delegado de Protecci\u00f3n de Datos de HASTAQUI 456 SL, dirigi\u00e9ndose por escrito a la direcci\u00f3n de correo <a href=\"mailto:dpo.c\u00edente@conversia.es\" target=\"_blank\" rel=\"noopener noreferrer\">dpo.c\u00edente@conversia.es<\/a> o al tel\u00e9fono 902877192.<\/p>\n<p style=\"text-align: left;\">Podr\u00e1 dirigirse a la Autoridad de Control competente para presentar la reclamaci\u00f3n que considere oportuna.<\/p>\n<p style=\"text-align: left;\">Con env\u00edo del formulario de recogida de datos usted acepta la pol\u00edtica de privacidad de HASTAQUI 456 SL.<\/p>\n<p>[\/et_pb_text][\/et_pb_column][\/et_pb_row][et_pb_row _builder_version=&#8221;4.16&#8243; background_size=&#8221;initial&#8221; background_position=&#8221;top_left&#8221; background_repeat=&#8221;repeat&#8221; global_colors_info=&#8221;{}&#8221;][et_pb_column type=&#8221;4_4&#8243; _builder_version=&#8221;4.16&#8243; custom_padding=&#8221;|||&#8221; global_colors_info=&#8221;{}&#8221; custom_padding__hover=&#8221;|||&#8221;][et_pb_text _builder_version=&#8221;4.16&#8243; header_2_font=&#8221;|||on|||||&#8221; header_2_text_align=&#8221;left&#8221; header_2_font_size=&#8221;28px&#8221; global_colors_info=&#8221;{}&#8221;]<\/p>\n<h2>Veniu a con\u00e8ixer-nos!<\/h2>\n<p>[\/et_pb_text][et_pb_map_extended address=&#8221;BV-1439, 08480 La Ametlla, Barcelona, Espa\u00f1a&#8221; zoom_level=&#8221;10&#8243; address_lat=&#8221;41.62320775316012&#8243; address_lng=&#8221;2.3217325406706095&#8243; map_type_control_style=&#8221;DEFAULT&#8221; marker_center=&#8221;off&#8221; bounce_on_click_on_off=&#8221;off&#8221; marker_animation=&#8221;off&#8221; map_options=&#8221;41&#8243; map_height_tablet=&#8221;600&#8243; _builder_version=&#8221;4.16&#8243; global_colors_info=&#8221;{}&#8221;][et_pb_map_pin_extended pin_address=&#8221;BV-1439, 08480 La Ametlla, Barcelona, Espa\u00f1a&#8221; pin_address_lat=&#8221;41.638517976508496&#8243; pin_address_lng=&#8221;2.2720761126892057&#8243; pin_on_off=&#8221;off&#8221; _builder_version=&#8221;3.15&#8243; global_colors_info=&#8221;{}&#8221; module_font_size_tablet=&#8221;51&#8243; module_font_size_phone=&#8221;51&#8243; module_letter_spacing_tablet=&#8221;50&#8243; module_letter_spacing_phone=&#8221;50&#8243; module_line_height_tablet=&#8221;2&#8243; module_line_height_phone=&#8221;2&#8243;][\/et_pb_map_pin_extended][\/et_pb_map_extended][\/et_pb_column][\/et_pb_row][\/et_pb_section]<\/p>\n","protected":false},"excerpt":{"rendered":"<p>Ser diferents ens fa \u00fanics &nbsp; Envia&#8217;ns un missatge i ens posarem en contacte &nbsp;&nbsp; Si vols saber m\u00e9s ens pots seguir a: &nbsp; &nbsp; \u00a0Espai canpages \u00a0@espaicanpages \u00a0Espaicanpages &nbsp; Tamb\u00e9 pots escriure&#8217;ns a trav\u00e9s de whatsapp: Gemma:\u00a0629 783 783\u00a0| Sergi:\u00a0607 676 373 &nbsp; De conformidad con lo establecido en la normativa vigente en Protecci\u00f3n [&hellip;]<\/p>\n","protected":false},"author":4,"featured_media":0,"parent":0,"menu_order":0,"comment_status":"closed","ping_status":"closed","template":"","meta":{"_et_pb_use_builder":"on","_et_pb_old_content":"","_et_gb_content_width":"","footnotes":""},"class_list":["post-1351","page","type-page","status-publish","hentry"],"yoast_head":"<!-- This site is optimized with the Yoast SEO plugin v27.5 - https:\/\/yoast.com\/product\/yoast-seo-wordpress\/ -->\n<title>Contacte - Espai Can Pag\u00e8s<\/title>\n<meta name=\"robots\" content=\"index, follow, max-snippet:-1, max-image-preview:large, max-video-preview:-1\" \/>\n<link rel=\"canonical\" href=\"https:\/\/www.espaicanpages.com\/ca\/contacte\/\" \/>\n<meta property=\"og:locale\" content=\"ca_ES\" \/>\n<meta property=\"og:type\" content=\"article\" \/>\n<meta property=\"og:title\" content=\"Contacte - Espai Can Pag\u00e8s\" \/>\n<meta property=\"og:description\" content=\"Ser diferents ens fa \u00fanics &nbsp; Envia&#039;ns un missatge i ens posarem en contacte &nbsp;&nbsp; Si vols saber m\u00e9s ens pots seguir a: &nbsp; &nbsp; \u00a0Espai canpages \u00a0@espaicanpages \u00a0Espaicanpages &nbsp; Tamb\u00e9 pots escriure&#039;ns a trav\u00e9s de whatsapp: Gemma:\u00a0629 783 783\u00a0| Sergi:\u00a0607 676 373 &nbsp; De conformidad con lo establecido en la normativa vigente en Protecci\u00f3n [&hellip;]\" \/>\n<meta property=\"og:url\" content=\"https:\/\/www.espaicanpages.com\/ca\/contacte\/\" \/>\n<meta property=\"og:site_name\" content=\"Espai Can Pag\u00e8s\" \/>\n<meta property=\"article:publisher\" content=\"https:\/\/www.facebook.com\/espaicanpages\/\" \/>\n<meta property=\"article:modified_time\" content=\"2022-05-30T15:21:48+00:00\" \/>\n<meta property=\"og:image\" content=\"https:\/\/www.espaicanpages.com\/wp-content\/uploads\/2018\/09\/Facebook.jpg\" \/>\n<meta name=\"twitter:card\" content=\"summary_large_image\" \/>\n<meta name=\"twitter:label1\" content=\"Temps estimat de lectura\" \/>\n\t<meta name=\"twitter:data1\" content=\"8 minuts\" \/>\n<script type=\"application\/ld+json\" class=\"yoast-schema-graph\">{\"@context\":\"https:\\\/\\\/schema.org\",\"@graph\":[{\"@type\":\"WebPage\",\"@id\":\"https:\\\/\\\/www.espaicanpages.com\\\/ca\\\/contacte\\\/\",\"url\":\"https:\\\/\\\/www.espaicanpages.com\\\/ca\\\/contacte\\\/\",\"name\":\"Contacte - Espai Can Pag\u00e8s\",\"isPartOf\":{\"@id\":\"https:\\\/\\\/www.espaicanpages.com\\\/#website\"},\"primaryImageOfPage\":{\"@id\":\"https:\\\/\\\/www.espaicanpages.com\\\/ca\\\/contacte\\\/#primaryimage\"},\"image\":{\"@id\":\"https:\\\/\\\/www.espaicanpages.com\\\/ca\\\/contacte\\\/#primaryimage\"},\"thumbnailUrl\":\"https:\\\/\\\/www.espaicanpages.com\\\/wp-content\\\/uploads\\\/2018\\\/09\\\/Facebook.jpg\",\"datePublished\":\"2018-10-04T09:49:36+00:00\",\"dateModified\":\"2022-05-30T15:21:48+00:00\",\"breadcrumb\":{\"@id\":\"https:\\\/\\\/www.espaicanpages.com\\\/ca\\\/contacte\\\/#breadcrumb\"},\"inLanguage\":\"ca\",\"potentialAction\":[{\"@type\":\"ReadAction\",\"target\":[\"https:\\\/\\\/www.espaicanpages.com\\\/ca\\\/contacte\\\/\"]}]},{\"@type\":\"ImageObject\",\"inLanguage\":\"ca\",\"@id\":\"https:\\\/\\\/www.espaicanpages.com\\\/ca\\\/contacte\\\/#primaryimage\",\"url\":\"https:\\\/\\\/www.espaicanpages.com\\\/wp-content\\\/uploads\\\/2018\\\/09\\\/Facebook.jpg\",\"contentUrl\":\"https:\\\/\\\/www.espaicanpages.com\\\/wp-content\\\/uploads\\\/2018\\\/09\\\/Facebook.jpg\"},{\"@type\":\"BreadcrumbList\",\"@id\":\"https:\\\/\\\/www.espaicanpages.com\\\/ca\\\/contacte\\\/#breadcrumb\",\"itemListElement\":[{\"@type\":\"ListItem\",\"position\":1,\"name\":\"Portada\",\"item\":\"https:\\\/\\\/www.espaicanpages.com\\\/ca\\\/\"},{\"@type\":\"ListItem\",\"position\":2,\"name\":\"Contacte\"}]},{\"@type\":\"WebSite\",\"@id\":\"https:\\\/\\\/www.espaicanpages.com\\\/#website\",\"url\":\"https:\\\/\\\/www.espaicanpages.com\\\/\",\"name\":\"Espai Can Pag\u00e8s\",\"description\":\"Restaurante Bodas en Barcelona\",\"publisher\":{\"@id\":\"https:\\\/\\\/www.espaicanpages.com\\\/#organization\"},\"potentialAction\":[{\"@type\":\"SearchAction\",\"target\":{\"@type\":\"EntryPoint\",\"urlTemplate\":\"https:\\\/\\\/www.espaicanpages.com\\\/?s={search_term_string}\"},\"query-input\":{\"@type\":\"PropertyValueSpecification\",\"valueRequired\":true,\"valueName\":\"search_term_string\"}}],\"inLanguage\":\"ca\"},{\"@type\":\"Organization\",\"@id\":\"https:\\\/\\\/www.espaicanpages.com\\\/#organization\",\"name\":\"Espai Can Pag\u00e8s\",\"url\":\"https:\\\/\\\/www.espaicanpages.com\\\/\",\"logo\":{\"@type\":\"ImageObject\",\"inLanguage\":\"ca\",\"@id\":\"https:\\\/\\\/www.espaicanpages.com\\\/#\\\/schema\\\/logo\\\/image\\\/\",\"url\":\"https:\\\/\\\/www.espaicanpages.com\\\/wp-content\\\/uploads\\\/2018\\\/09\\\/logo.jpg\",\"contentUrl\":\"https:\\\/\\\/www.espaicanpages.com\\\/wp-content\\\/uploads\\\/2018\\\/09\\\/logo.jpg\",\"width\":250,\"height\":80,\"caption\":\"Espai Can Pag\u00e8s\"},\"image\":{\"@id\":\"https:\\\/\\\/www.espaicanpages.com\\\/#\\\/schema\\\/logo\\\/image\\\/\"},\"sameAs\":[\"https:\\\/\\\/www.facebook.com\\\/espaicanpages\\\/\",\"https:\\\/\\\/www.instagram.com\\\/espaicanpages\\\/\",\"https:\\\/\\\/www.youtube.com\\\/channel\\\/UCXRp5px2AqnzHVXzIFInLRw\"]}]}<\/script>\n<!-- \/ Yoast SEO plugin. -->","yoast_head_json":{"title":"Contacte - Espai Can Pag\u00e8s","robots":{"index":"index","follow":"follow","max-snippet":"max-snippet:-1","max-image-preview":"max-image-preview:large","max-video-preview":"max-video-preview:-1"},"canonical":"https:\/\/www.espaicanpages.com\/ca\/contacte\/","og_locale":"ca_ES","og_type":"article","og_title":"Contacte - Espai Can Pag\u00e8s","og_description":"Ser diferents ens fa \u00fanics &nbsp; Envia'ns un missatge i ens posarem en contacte &nbsp;&nbsp; Si vols saber m\u00e9s ens pots seguir a: &nbsp; &nbsp; \u00a0Espai canpages \u00a0@espaicanpages \u00a0Espaicanpages &nbsp; Tamb\u00e9 pots escriure'ns a trav\u00e9s de whatsapp: Gemma:\u00a0629 783 783\u00a0| Sergi:\u00a0607 676 373 &nbsp; De conformidad con lo establecido en la normativa vigente en Protecci\u00f3n [&hellip;]","og_url":"https:\/\/www.espaicanpages.com\/ca\/contacte\/","og_site_name":"Espai Can Pag\u00e8s","article_publisher":"https:\/\/www.facebook.com\/espaicanpages\/","article_modified_time":"2022-05-30T15:21:48+00:00","og_image":[{"url":"https:\/\/www.espaicanpages.com\/wp-content\/uploads\/2018\/09\/Facebook.jpg","type":"","width":"","height":""}],"twitter_card":"summary_large_image","twitter_misc":{"Temps estimat de lectura":"8 minuts"},"schema":{"@context":"https:\/\/schema.org","@graph":[{"@type":"WebPage","@id":"https:\/\/www.espaicanpages.com\/ca\/contacte\/","url":"https:\/\/www.espaicanpages.com\/ca\/contacte\/","name":"Contacte - Espai Can Pag\u00e8s","isPartOf":{"@id":"https:\/\/www.espaicanpages.com\/#website"},"primaryImageOfPage":{"@id":"https:\/\/www.espaicanpages.com\/ca\/contacte\/#primaryimage"},"image":{"@id":"https:\/\/www.espaicanpages.com\/ca\/contacte\/#primaryimage"},"thumbnailUrl":"https:\/\/www.espaicanpages.com\/wp-content\/uploads\/2018\/09\/Facebook.jpg","datePublished":"2018-10-04T09:49:36+00:00","dateModified":"2022-05-30T15:21:48+00:00","breadcrumb":{"@id":"https:\/\/www.espaicanpages.com\/ca\/contacte\/#breadcrumb"},"inLanguage":"ca","potentialAction":[{"@type":"ReadAction","target":["https:\/\/www.espaicanpages.com\/ca\/contacte\/"]}]},{"@type":"ImageObject","inLanguage":"ca","@id":"https:\/\/www.espaicanpages.com\/ca\/contacte\/#primaryimage","url":"https:\/\/www.espaicanpages.com\/wp-content\/uploads\/2018\/09\/Facebook.jpg","contentUrl":"https:\/\/www.espaicanpages.com\/wp-content\/uploads\/2018\/09\/Facebook.jpg"},{"@type":"BreadcrumbList","@id":"https:\/\/www.espaicanpages.com\/ca\/contacte\/#breadcrumb","itemListElement":[{"@type":"ListItem","position":1,"name":"Portada","item":"https:\/\/www.espaicanpages.com\/ca\/"},{"@type":"ListItem","position":2,"name":"Contacte"}]},{"@type":"WebSite","@id":"https:\/\/www.espaicanpages.com\/#website","url":"https:\/\/www.espaicanpages.com\/","name":"Espai Can Pag\u00e8s","description":"Restaurante Bodas en Barcelona","publisher":{"@id":"https:\/\/www.espaicanpages.com\/#organization"},"potentialAction":[{"@type":"SearchAction","target":{"@type":"EntryPoint","urlTemplate":"https:\/\/www.espaicanpages.com\/?s={search_term_string}"},"query-input":{"@type":"PropertyValueSpecification","valueRequired":true,"valueName":"search_term_string"}}],"inLanguage":"ca"},{"@type":"Organization","@id":"https:\/\/www.espaicanpages.com\/#organization","name":"Espai Can Pag\u00e8s","url":"https:\/\/www.espaicanpages.com\/","logo":{"@type":"ImageObject","inLanguage":"ca","@id":"https:\/\/www.espaicanpages.com\/#\/schema\/logo\/image\/","url":"https:\/\/www.espaicanpages.com\/wp-content\/uploads\/2018\/09\/logo.jpg","contentUrl":"https:\/\/www.espaicanpages.com\/wp-content\/uploads\/2018\/09\/logo.jpg","width":250,"height":80,"caption":"Espai Can Pag\u00e8s"},"image":{"@id":"https:\/\/www.espaicanpages.com\/#\/schema\/logo\/image\/"},"sameAs":["https:\/\/www.facebook.com\/espaicanpages\/","https:\/\/www.instagram.com\/espaicanpages\/","https:\/\/www.youtube.com\/channel\/UCXRp5px2AqnzHVXzIFInLRw"]}]}},"_links":{"self":[{"href":"https:\/\/www.espaicanpages.com\/ca\/wp-json\/wp\/v2\/pages\/1351","targetHints":{"allow":["GET"]}}],"collection":[{"href":"https:\/\/www.espaicanpages.com\/ca\/wp-json\/wp\/v2\/pages"}],"about":[{"href":"https:\/\/www.espaicanpages.com\/ca\/wp-json\/wp\/v2\/types\/page"}],"author":[{"embeddable":true,"href":"https:\/\/www.espaicanpages.com\/ca\/wp-json\/wp\/v2\/users\/4"}],"replies":[{"embeddable":true,"href":"https:\/\/www.espaicanpages.com\/ca\/wp-json\/wp\/v2\/comments?post=1351"}],"version-history":[{"count":26,"href":"https:\/\/www.espaicanpages.com\/ca\/wp-json\/wp\/v2\/pages\/1351\/revisions"}],"predecessor-version":[{"id":2238,"href":"https:\/\/www.espaicanpages.com\/ca\/wp-json\/wp\/v2\/pages\/1351\/revisions\/2238"}],"wp:attachment":[{"href":"https:\/\/www.espaicanpages.com\/ca\/wp-json\/wp\/v2\/media?parent=1351"}],"curies":[{"name":"wp","href":"https:\/\/api.w.org\/{rel}","templated":true}]}}