{"id":1315,"date":"2018-10-04T11:09:25","date_gmt":"2018-10-04T09:09:25","guid":{"rendered":"https:\/\/www.espaicanpages.com\/?page_id=1315"},"modified":"2024-11-13T12:43:00","modified_gmt":"2024-11-13T11:43:00","slug":"serveis","status":"publish","type":"page","link":"https:\/\/www.espaicanpages.com\/ca\/serveis\/","title":{"rendered":"Serveis"},"content":{"rendered":"<p>[et_pb_section fb_built=&#8221;1&#8243; module_class=&#8221;inici-header&#8221; _builder_version=&#8221;3.15&#8243; global_module=&#8221;1254&#8243; global_colors_info=&#8221;{}&#8221;][et_pb_row module_class=&#8221;inici-header&#8221; _builder_version=&#8221;4.16&#8243; global_colors_info=&#8221;{}&#8221;][et_pb_column type=&#8221;4_4&#8243; _builder_version=&#8221;4.16&#8243; custom_padding=&#8221;|||&#8221; global_colors_info=&#8221;{}&#8221; custom_padding__hover=&#8221;|||&#8221;][et_pb_text module_class=&#8221;inici-header-text&#8221; _builder_version=&#8221;4.16&#8243; text_font=&#8221;|||on|||||&#8221; text_font_size=&#8221;42px&#8221; text_orientation=&#8221;center&#8221; hover_enabled=&#8221;0&#8243; global_colors_info=&#8221;{}&#8221; sticky_enabled=&#8221;0&#8243;]<\/p>\n<p>Ser diferents ens fa \u00fanics<\/p>\n<p>[\/et_pb_text][\/et_pb_column][\/et_pb_row][\/et_pb_section][et_pb_section fb_built=&#8221;1&#8243; fullwidth=&#8221;on&#8221; _builder_version=&#8221;4.16&#8243; global_colors_info=&#8221;{}&#8221;][et_pb_fullwidth_image src=&#8221;https:\/\/www.espaicanpages.com\/wp-content\/uploads\/2018\/10\/Serveis_CAT.jpg&#8221; module_class=&#8221;page-header-img&#8221; _builder_version=&#8221;4.16&#8243; global_colors_info=&#8221;{}&#8221;][\/et_pb_fullwidth_image][\/et_pb_section][et_pb_section fb_built=&#8221;1&#8243; _builder_version=&#8221;4.16&#8243; custom_margin=&#8221;||0px|&#8221; custom_padding=&#8221;||0px|&#8221; global_colors_info=&#8221;{}&#8221;][et_pb_row disabled_on=&#8221;on|on|on&#8221; _builder_version=&#8221;4.16&#8243; background_size=&#8221;initial&#8221; background_position=&#8221;top_left&#8221; background_repeat=&#8221;repeat&#8221; disabled=&#8221;on&#8221; global_colors_info=&#8221;{}&#8221;][et_pb_column type=&#8221;4_4&#8243; _builder_version=&#8221;4.16&#8243; custom_padding=&#8221;|||&#8221; global_colors_info=&#8221;{}&#8221; custom_padding__hover=&#8221;|||&#8221;][et_pb_text admin_label=&#8221;Servicios&#8221; _builder_version=&#8221;4.16&#8243; hover_enabled=&#8221;0&#8243; global_colors_info=&#8221;{}&#8221; sticky_enabled=&#8221;0&#8243;]<\/p>\n<h1 style=\"text-align: center;\">SERVICIOS<\/h1>\n<div class=\"black_underline\"><\/div>\n<p>[\/et_pb_text][\/et_pb_column][\/et_pb_row][et_pb_row column_structure=&#8221;1_3,1_3,1_3&#8243; disabled_on=&#8221;on|on|on&#8221; module_class=&#8221;servicios_three_col&#8221; _builder_version=&#8221;4.16&#8243; disabled=&#8221;on&#8221; global_colors_info=&#8221;{}&#8221;][et_pb_column type=&#8221;1_3&#8243; _builder_version=&#8221;4.16&#8243; custom_padding=&#8221;|||&#8221; global_colors_info=&#8221;{}&#8221; custom_padding__hover=&#8221;|||&#8221;][et_pb_text admin_label=&#8221;Inclosos&#8221; _builder_version=&#8221;4.16&#8243; global_colors_info=&#8221;{}&#8221;]<\/p>\n<div class=\"box_link_container\">\n<div class=\"box_link\">\n<h2 style=\"text-align: center;\">Inclosos<\/h2>\n<p><img decoding=\"async\" src=\"https:\/\/www.espaicanpages.com\/wp-content\/uploads\/2018\/09\/Incluidos.jpg\" \/><\/p>\n<\/div>\n<\/div>\n<p>[\/et_pb_text][\/et_pb_column][et_pb_column type=&#8221;1_3&#8243; _builder_version=&#8221;4.16&#8243; custom_padding=&#8221;|||&#8221; global_colors_info=&#8221;{}&#8221; custom_padding__hover=&#8221;|||&#8221;][et_pb_text admin_label=&#8221;No inclosos&#8221; _builder_version=&#8221;4.16&#8243; global_colors_info=&#8221;{}&#8221;]<\/p>\n<div class=\"box_link_container\">\n<div class=\"box_link\">\n<h2 style=\"text-align: center;\">No inclosos<\/h2>\n<p><img decoding=\"async\" src=\"https:\/\/www.espaicanpages.com\/wp-content\/uploads\/2018\/09\/NoIncluidos.jpg\" \/><\/p>\n<\/div>\n<\/div>\n<p>[\/et_pb_text][\/et_pb_column][et_pb_column type=&#8221;1_3&#8243; _builder_version=&#8221;4.16&#8243; custom_padding=&#8221;|||&#8221; global_colors_info=&#8221;{}&#8221; custom_padding__hover=&#8221;|||&#8221;][et_pb_text admin_label=&#8221;Fot\u00f2grafs&#8221; _builder_version=&#8221;4.16&#8243; global_colors_info=&#8221;{}&#8221;]<\/p>\n<div class=\"box_link_container\">\n<div class=\"box_link\">\n<h2 style=\"text-align: center;\">Fot\u00f2grafs<\/h2>\n<p><img decoding=\"async\" src=\"https:\/\/www.espaicanpages.com\/wp-content\/uploads\/2018\/09\/Fotografos.jpg\" \/><\/p>\n<\/div>\n<\/div>\n<p>[\/et_pb_text][\/et_pb_column][\/et_pb_row][et_pb_row column_structure=&#8221;1_3,1_3,1_3&#8243; disabled_on=&#8221;on|on|on&#8221; module_class=&#8221;servicios_three_col&#8221; _builder_version=&#8221;4.16&#8243; disabled=&#8221;on&#8221; global_colors_info=&#8221;{}&#8221;][et_pb_column type=&#8221;1_3&#8243; _builder_version=&#8221;4.16&#8243; custom_padding=&#8221;|||&#8221; global_colors_info=&#8221;{}&#8221; custom_padding__hover=&#8221;|||&#8221;][et_pb_code admin_label=&#8221;Inclosos&#8221; _builder_version=&#8221;4.16&#8243; global_colors_info=&#8221;{}&#8221;]<a href=\"https:\/\/www.espaicanpages.com\/ca\/serveis\/inclosos\/\"><!-- [et_pb_line_break_holder] --><\/p>\n<div class=\"box_link_container\"><!-- [et_pb_line_break_holder] --><\/p>\n<div class=\"box_link\"><!-- [et_pb_line_break_holder] --><\/p>\n<h2 style=\"text-align: center;\">Inclosos<\/h2>\n<p><!-- [et_pb_line_break_holder] --><img decoding=\"async\" src=\"https:\/\/www.espaicanpages.com\/wp-content\/uploads\/2018\/09\/Incluidos.jpg\" \/><!-- [et_pb_line_break_holder] --><!-- [et_pb_line_break_holder] --><\/div>\n<p><!-- [et_pb_line_break_holder] --><\/div>\n<p><!-- [et_pb_line_break_holder] --><\/a>[\/et_pb_code][\/et_pb_column][et_pb_column type=&#8221;1_3&#8243; _builder_version=&#8221;4.16&#8243; custom_padding=&#8221;|||&#8221; global_colors_info=&#8221;{}&#8221; custom_padding__hover=&#8221;|||&#8221;][et_pb_code admin_label=&#8221;No inclosos&#8221; _builder_version=&#8221;4.16&#8243; global_colors_info=&#8221;{}&#8221;]<a href=\"https:\/\/www.espaicanpages.com\/ca\/serveis\/no-inclosos\/\"><!-- [et_pb_line_break_holder] --><\/p>\n<div class=\"box_link_container\"><!-- [et_pb_line_break_holder] --><\/p>\n<div class=\"box_link\"><!-- [et_pb_line_break_holder] --><\/p>\n<h2 style=\"text-align: center;\">No inclosos<\/h2>\n<p><!-- [et_pb_line_break_holder] --><img decoding=\"async\" src=\"https:\/\/www.espaicanpages.com\/wp-content\/uploads\/2018\/09\/NoIncluidos.jpg\"><!-- [et_pb_line_break_holder] --><!-- [et_pb_line_break_holder] --><\/div>\n<p><!-- [et_pb_line_break_holder] --><\/div>\n<p><!-- [et_pb_line_break_holder] --><\/a>[\/et_pb_code][\/et_pb_column][et_pb_column type=&#8221;1_3&#8243; _builder_version=&#8221;4.16&#8243; custom_padding=&#8221;|||&#8221; global_colors_info=&#8221;{}&#8221; custom_padding__hover=&#8221;|||&#8221;][et_pb_code admin_label=&#8221;Fotografs&#8221; _builder_version=&#8221;4.16&#8243; global_colors_info=&#8221;{}&#8221;]<a href=\"https:\/\/www.espaicanpages.com\/ca\/serveis\/fotografs\/\"><!-- [et_pb_line_break_holder] --><\/p>\n<div class=\"box_link_container\"><!-- [et_pb_line_break_holder] --><\/p>\n<div class=\"box_link\"><!-- [et_pb_line_break_holder] --><\/p>\n<h2 style=\"text-align: center;\">Fot\u00f2grafs<\/h2>\n<p><!-- [et_pb_line_break_holder] --><img decoding=\"async\" src=\"https:\/\/www.espaicanpages.com\/wp-content\/uploads\/2018\/09\/Fotografos.jpg\"><!-- [et_pb_line_break_holder] --><!-- [et_pb_line_break_holder] --><\/div>\n<p><!-- [et_pb_line_break_holder] --><\/div>\n<p><!-- [et_pb_line_break_holder] --><\/a>[\/et_pb_code][\/et_pb_column][\/et_pb_row][et_pb_row column_structure=&#8221;1_2,1_2&#8243; use_custom_gutter=&#8221;on&#8221; disabled_on=&#8221;off|off|off&#8221; module_class=&#8221;servicios_three_col&#8221; _builder_version=&#8221;4.16&#8243; global_colors_info=&#8221;{}&#8221;][et_pb_column type=&#8221;1_2&#8243; _builder_version=&#8221;4.16&#8243; custom_padding=&#8221;|||&#8221; global_colors_info=&#8221;{}&#8221; custom_padding__hover=&#8221;|||&#8221;][et_pb_blurb title=&#8221;Inclosos&#8221; image=&#8221;https:\/\/www.espaicanpages.com\/wp-content\/uploads\/2018\/09\/Incluidos.jpg&#8221; admin_label=&#8221;Inclosos&#8221; _builder_version=&#8221;4.16&#8243; max_width=&#8221;300px&#8221; module_alignment=&#8221;center&#8221; link_option_url=&#8221;\/ca\/serveis\/inclosos\/&#8221; hover_enabled=&#8221;0&#8243; custom_css_blurb_content=&#8221;display: flex;||flex-direction: column-reverse;&#8221; global_colors_info=&#8221;{}&#8221; sticky_enabled=&#8221;0&#8243;][\/et_pb_blurb][\/et_pb_column][et_pb_column type=&#8221;1_2&#8243; _builder_version=&#8221;4.16&#8243; custom_padding=&#8221;|||&#8221; global_colors_info=&#8221;{}&#8221; custom_padding__hover=&#8221;|||&#8221;][et_pb_blurb title=&#8221;No Inclosos&#8221; image=&#8221;https:\/\/www.espaicanpages.com\/wp-content\/uploads\/2018\/09\/NoIncluidos.jpg&#8221; content_max_width=&#8221;300px&#8221; admin_label=&#8221;No inclosos&#8221; _builder_version=&#8221;4.16&#8243; module_alignment=&#8221;center&#8221; link_option_url=&#8221;\/ca\/serveis\/no-inclosos\/&#8221; custom_css_blurb_content=&#8221;display: flex;||flex-direction: column-reverse;&#8221; global_colors_info=&#8221;{}&#8221;][\/et_pb_blurb][\/et_pb_column][\/et_pb_row][\/et_pb_section]<\/p>\n","protected":false},"excerpt":{"rendered":"<p>Ser diferents ens fa \u00fanicsSERVICIOS Inclosos No inclosos Fot\u00f2grafs<\/p>\n","protected":false},"author":4,"featured_media":0,"parent":0,"menu_order":0,"comment_status":"closed","ping_status":"closed","template":"","meta":{"_et_pb_use_builder":"on","_et_pb_old_content":"","_et_gb_content_width":"","footnotes":""},"class_list":["post-1315","page","type-page","status-publish","hentry"],"yoast_head":"<!-- This site is optimized with the Yoast SEO plugin v27.4 - https:\/\/yoast.com\/product\/yoast-seo-wordpress\/ -->\n<title>Serveis - Espai Can Pag\u00e8s<\/title>\n<meta name=\"robots\" content=\"index, follow, max-snippet:-1, max-image-preview:large, max-video-preview:-1\" \/>\n<link rel=\"canonical\" href=\"https:\/\/www.espaicanpages.com\/ca\/serveis\/\" \/>\n<meta property=\"og:locale\" content=\"ca_ES\" \/>\n<meta property=\"og:type\" content=\"article\" \/>\n<meta property=\"og:title\" content=\"Serveis - Espai Can Pag\u00e8s\" \/>\n<meta property=\"og:description\" content=\"Ser diferents ens fa \u00fanicsSERVICIOS Inclosos No inclosos Fot\u00f2grafs\" \/>\n<meta property=\"og:url\" content=\"https:\/\/www.espaicanpages.com\/ca\/serveis\/\" \/>\n<meta property=\"og:site_name\" content=\"Espai Can Pag\u00e8s\" \/>\n<meta property=\"article:publisher\" content=\"https:\/\/www.facebook.com\/espaicanpages\/\" \/>\n<meta property=\"article:modified_time\" content=\"2024-11-13T11:43:00+00:00\" \/>\n<meta property=\"og:image\" content=\"https:\/\/www.espaicanpages.com\/wp-content\/uploads\/2018\/09\/Incluidos.jpg\" \/>\n<meta name=\"twitter:card\" content=\"summary_large_image\" \/>\n<meta name=\"twitter:label1\" content=\"Temps estimat de lectura\" \/>\n\t<meta name=\"twitter:data1\" content=\"1 minut\" \/>\n<script type=\"application\/ld+json\" class=\"yoast-schema-graph\">{\"@context\":\"https:\\\/\\\/schema.org\",\"@graph\":[{\"@type\":\"WebPage\",\"@id\":\"https:\\\/\\\/www.espaicanpages.com\\\/ca\\\/serveis\\\/\",\"url\":\"https:\\\/\\\/www.espaicanpages.com\\\/ca\\\/serveis\\\/\",\"name\":\"Serveis - Espai Can Pag\u00e8s\",\"isPartOf\":{\"@id\":\"https:\\\/\\\/www.espaicanpages.com\\\/#website\"},\"primaryImageOfPage\":{\"@id\":\"https:\\\/\\\/www.espaicanpages.com\\\/ca\\\/serveis\\\/#primaryimage\"},\"image\":{\"@id\":\"https:\\\/\\\/www.espaicanpages.com\\\/ca\\\/serveis\\\/#primaryimage\"},\"thumbnailUrl\":\"https:\\\/\\\/www.espaicanpages.com\\\/wp-content\\\/uploads\\\/2018\\\/09\\\/Incluidos.jpg\",\"datePublished\":\"2018-10-04T09:09:25+00:00\",\"dateModified\":\"2024-11-13T11:43:00+00:00\",\"breadcrumb\":{\"@id\":\"https:\\\/\\\/www.espaicanpages.com\\\/ca\\\/serveis\\\/#breadcrumb\"},\"inLanguage\":\"ca\",\"potentialAction\":[{\"@type\":\"ReadAction\",\"target\":[\"https:\\\/\\\/www.espaicanpages.com\\\/ca\\\/serveis\\\/\"]}]},{\"@type\":\"ImageObject\",\"inLanguage\":\"ca\",\"@id\":\"https:\\\/\\\/www.espaicanpages.com\\\/ca\\\/serveis\\\/#primaryimage\",\"url\":\"https:\\\/\\\/www.espaicanpages.com\\\/wp-content\\\/uploads\\\/2018\\\/09\\\/Incluidos.jpg\",\"contentUrl\":\"https:\\\/\\\/www.espaicanpages.com\\\/wp-content\\\/uploads\\\/2018\\\/09\\\/Incluidos.jpg\"},{\"@type\":\"BreadcrumbList\",\"@id\":\"https:\\\/\\\/www.espaicanpages.com\\\/ca\\\/serveis\\\/#breadcrumb\",\"itemListElement\":[{\"@type\":\"ListItem\",\"position\":1,\"name\":\"Portada\",\"item\":\"https:\\\/\\\/www.espaicanpages.com\\\/ca\\\/\"},{\"@type\":\"ListItem\",\"position\":2,\"name\":\"Serveis\"}]},{\"@type\":\"WebSite\",\"@id\":\"https:\\\/\\\/www.espaicanpages.com\\\/#website\",\"url\":\"https:\\\/\\\/www.espaicanpages.com\\\/\",\"name\":\"Espai Can Pag\u00e8s\",\"description\":\"Restaurante Bodas en Barcelona\",\"publisher\":{\"@id\":\"https:\\\/\\\/www.espaicanpages.com\\\/#organization\"},\"potentialAction\":[{\"@type\":\"SearchAction\",\"target\":{\"@type\":\"EntryPoint\",\"urlTemplate\":\"https:\\\/\\\/www.espaicanpages.com\\\/?s={search_term_string}\"},\"query-input\":{\"@type\":\"PropertyValueSpecification\",\"valueRequired\":true,\"valueName\":\"search_term_string\"}}],\"inLanguage\":\"ca\"},{\"@type\":\"Organization\",\"@id\":\"https:\\\/\\\/www.espaicanpages.com\\\/#organization\",\"name\":\"Espai Can Pag\u00e8s\",\"url\":\"https:\\\/\\\/www.espaicanpages.com\\\/\",\"logo\":{\"@type\":\"ImageObject\",\"inLanguage\":\"ca\",\"@id\":\"https:\\\/\\\/www.espaicanpages.com\\\/#\\\/schema\\\/logo\\\/image\\\/\",\"url\":\"https:\\\/\\\/www.espaicanpages.com\\\/wp-content\\\/uploads\\\/2018\\\/09\\\/logo.jpg\",\"contentUrl\":\"https:\\\/\\\/www.espaicanpages.com\\\/wp-content\\\/uploads\\\/2018\\\/09\\\/logo.jpg\",\"width\":250,\"height\":80,\"caption\":\"Espai Can Pag\u00e8s\"},\"image\":{\"@id\":\"https:\\\/\\\/www.espaicanpages.com\\\/#\\\/schema\\\/logo\\\/image\\\/\"},\"sameAs\":[\"https:\\\/\\\/www.facebook.com\\\/espaicanpages\\\/\",\"https:\\\/\\\/www.instagram.com\\\/espaicanpages\\\/\",\"https:\\\/\\\/www.youtube.com\\\/channel\\\/UCXRp5px2AqnzHVXzIFInLRw\"]}]}<\/script>\n<!-- \/ Yoast SEO plugin. -->","yoast_head_json":{"title":"Serveis - Espai Can Pag\u00e8s","robots":{"index":"index","follow":"follow","max-snippet":"max-snippet:-1","max-image-preview":"max-image-preview:large","max-video-preview":"max-video-preview:-1"},"canonical":"https:\/\/www.espaicanpages.com\/ca\/serveis\/","og_locale":"ca_ES","og_type":"article","og_title":"Serveis - Espai Can Pag\u00e8s","og_description":"Ser diferents ens fa \u00fanicsSERVICIOS Inclosos No inclosos Fot\u00f2grafs","og_url":"https:\/\/www.espaicanpages.com\/ca\/serveis\/","og_site_name":"Espai Can Pag\u00e8s","article_publisher":"https:\/\/www.facebook.com\/espaicanpages\/","article_modified_time":"2024-11-13T11:43:00+00:00","og_image":[{"url":"https:\/\/www.espaicanpages.com\/wp-content\/uploads\/2018\/09\/Incluidos.jpg","type":"","width":"","height":""}],"twitter_card":"summary_large_image","twitter_misc":{"Temps estimat de lectura":"1 minut"},"schema":{"@context":"https:\/\/schema.org","@graph":[{"@type":"WebPage","@id":"https:\/\/www.espaicanpages.com\/ca\/serveis\/","url":"https:\/\/www.espaicanpages.com\/ca\/serveis\/","name":"Serveis - Espai Can Pag\u00e8s","isPartOf":{"@id":"https:\/\/www.espaicanpages.com\/#website"},"primaryImageOfPage":{"@id":"https:\/\/www.espaicanpages.com\/ca\/serveis\/#primaryimage"},"image":{"@id":"https:\/\/www.espaicanpages.com\/ca\/serveis\/#primaryimage"},"thumbnailUrl":"https:\/\/www.espaicanpages.com\/wp-content\/uploads\/2018\/09\/Incluidos.jpg","datePublished":"2018-10-04T09:09:25+00:00","dateModified":"2024-11-13T11:43:00+00:00","breadcrumb":{"@id":"https:\/\/www.espaicanpages.com\/ca\/serveis\/#breadcrumb"},"inLanguage":"ca","potentialAction":[{"@type":"ReadAction","target":["https:\/\/www.espaicanpages.com\/ca\/serveis\/"]}]},{"@type":"ImageObject","inLanguage":"ca","@id":"https:\/\/www.espaicanpages.com\/ca\/serveis\/#primaryimage","url":"https:\/\/www.espaicanpages.com\/wp-content\/uploads\/2018\/09\/Incluidos.jpg","contentUrl":"https:\/\/www.espaicanpages.com\/wp-content\/uploads\/2018\/09\/Incluidos.jpg"},{"@type":"BreadcrumbList","@id":"https:\/\/www.espaicanpages.com\/ca\/serveis\/#breadcrumb","itemListElement":[{"@type":"ListItem","position":1,"name":"Portada","item":"https:\/\/www.espaicanpages.com\/ca\/"},{"@type":"ListItem","position":2,"name":"Serveis"}]},{"@type":"WebSite","@id":"https:\/\/www.espaicanpages.com\/#website","url":"https:\/\/www.espaicanpages.com\/","name":"Espai Can Pag\u00e8s","description":"Restaurante Bodas en Barcelona","publisher":{"@id":"https:\/\/www.espaicanpages.com\/#organization"},"potentialAction":[{"@type":"SearchAction","target":{"@type":"EntryPoint","urlTemplate":"https:\/\/www.espaicanpages.com\/?s={search_term_string}"},"query-input":{"@type":"PropertyValueSpecification","valueRequired":true,"valueName":"search_term_string"}}],"inLanguage":"ca"},{"@type":"Organization","@id":"https:\/\/www.espaicanpages.com\/#organization","name":"Espai Can Pag\u00e8s","url":"https:\/\/www.espaicanpages.com\/","logo":{"@type":"ImageObject","inLanguage":"ca","@id":"https:\/\/www.espaicanpages.com\/#\/schema\/logo\/image\/","url":"https:\/\/www.espaicanpages.com\/wp-content\/uploads\/2018\/09\/logo.jpg","contentUrl":"https:\/\/www.espaicanpages.com\/wp-content\/uploads\/2018\/09\/logo.jpg","width":250,"height":80,"caption":"Espai Can Pag\u00e8s"},"image":{"@id":"https:\/\/www.espaicanpages.com\/#\/schema\/logo\/image\/"},"sameAs":["https:\/\/www.facebook.com\/espaicanpages\/","https:\/\/www.instagram.com\/espaicanpages\/","https:\/\/www.youtube.com\/channel\/UCXRp5px2AqnzHVXzIFInLRw"]}]}},"_links":{"self":[{"href":"https:\/\/www.espaicanpages.com\/ca\/wp-json\/wp\/v2\/pages\/1315","targetHints":{"allow":["GET"]}}],"collection":[{"href":"https:\/\/www.espaicanpages.com\/ca\/wp-json\/wp\/v2\/pages"}],"about":[{"href":"https:\/\/www.espaicanpages.com\/ca\/wp-json\/wp\/v2\/types\/page"}],"author":[{"embeddable":true,"href":"https:\/\/www.espaicanpages.com\/ca\/wp-json\/wp\/v2\/users\/4"}],"replies":[{"embeddable":true,"href":"https:\/\/www.espaicanpages.com\/ca\/wp-json\/wp\/v2\/comments?post=1315"}],"version-history":[{"count":10,"href":"https:\/\/www.espaicanpages.com\/ca\/wp-json\/wp\/v2\/pages\/1315\/revisions"}],"predecessor-version":[{"id":2353,"href":"https:\/\/www.espaicanpages.com\/ca\/wp-json\/wp\/v2\/pages\/1315\/revisions\/2353"}],"wp:attachment":[{"href":"https:\/\/www.espaicanpages.com\/ca\/wp-json\/wp\/v2\/media?parent=1315"}],"curies":[{"name":"wp","href":"https:\/\/api.w.org\/{rel}","templated":true}]}}